{"id":1578,"date":"2025-02-06T15:12:17","date_gmt":"2025-02-06T14:12:17","guid":{"rendered":"https:\/\/estudiobackhaus.es\/?post_type=product&#038;p=1578"},"modified":"2026-01-13T14:10:13","modified_gmt":"2026-01-13T13:10:13","slug":"kit-deluxe-prim-o-cuidado-completo-para-o-seu-cabelo","status":"publish","type":"product","link":"https:\/\/estudiobackhaus.es\/pt-br\/loja\/kit-deluxe-prim-o-cuidado-completo-para-o-seu-cabelo\/","title":{"rendered":"Kit Deluxe Prime! O cuidado completo para seus cabelos"},"content":{"rendered":"","protected":false},"excerpt":{"rendered":"<p>\ud83c\udf1f <strong>Kit Miracle con Deluxe Prime: \u00a1El Cuidado Completo para tu Cabello!<\/strong> \ud83c\udf1f<\/p>\n<p>Transforma el cuidado de tu cabello con el <strong>Kit Miracle con Deluxe Prime<\/strong>. Este kit es la combinaci\u00f3n perfecta de productos de alto rendimiento para garantizar un cabello m\u00e1s saludable, hidratado y con un brillo incre\u00edble.<\/p>\n<p>\u2714 <strong>Champ\u00fa\u00a0Deluxe Prime:\u00a0<\/strong>Limpia suavemente a la vez que repara los da\u00f1os,<br \/>\ngarantizando el sellado de las cut\u00edculas. Mantiene<br \/>\nla grasa bajo control y protege el cabello te\u00f1ido de la<br \/>\ndecoloraci\u00f3n. Deja el cabello m\u00e1s fl exible y alineado,<br \/>\nsin frizz.<\/p>\n<p>\u2714 <strong>Acondicionador Deluxe Prime:\u00a0<\/strong>Garantiza suavidad, tersura y nutrici\u00f3n. Elimina la<br \/>\ngrasa y la rotura no deseada, con una potente f\u00f3rmula<br \/>\nque contiene ingredientes activos concentrados para<br \/>\ndevolver la vida y el movimiento a tu cabello. Cuenta<br \/>\ncon la tecnolog\u00eda Color Protection para garantizar<br \/>\ncolores vivos durante m\u00e1s tiempo.<\/p>\n<p>\u2714 <strong>Mascarilla Deluxe Prime:\u00a0<\/strong>Ideal para completar su rutina de belleza y cuidado personal, proporciona<br \/>\nun tratamiento completo de reconstrucci\u00f3n e hidrataci\u00f3n del cabello.<br \/>\nAltamente recomendado para cabellos qu\u00edmicamente tratados, es capaz<br \/>\nde higienizar suavemente mientras repara los da\u00f1os. Asegura el sellado<br \/>\nde las cut\u00edculas, manteniendo la oleosidad bajo control y protegiendo los<br \/>\ncabellos te\u00f1idos de la decoloraci\u00f3n. Proporciona un cabello m\u00e1s fl exible y<br \/>\nalineado, libre de frizz.<br \/>\n\u25cf Fibra libres de grasa y roturas indeseadas;<br \/>\n\u25cf Suavidad, tersura y nutrici\u00f3n garantizadas;<br \/>\n\u25cf Ideal para todo tipo de cabellos.<\/p>\n<p><strong>Deluxe Prime Spray:\u00a0<\/strong>El spray est\u00e1 dise\u00f1ado para proteger y recuperar el cabello de las agresiones qu\u00edmicas<br \/>\ny t\u00e9rmicas. Su alta concentraci\u00f3n de ingredientes activos, como la arginina plus, le<br \/>\npermite fortalecer el cabello, reconstruy\u00e9ndolo en profundidad y devolvi\u00e9ndole su<br \/>\nelasticidad.<\/p>\n<p>\ud83c\udf81 <strong>Regalo Especial<\/strong>: Al adquirir el kit, te regalamos un <strong>cepillo Olivia Garden<\/strong>, perfecto para peinar y moldear tu cabello sin da\u00f1arlo. Todo esto viene guardado en una <strong>neceser<\/strong> pr\u00e1ctica y estilosa.<\/p>\n<p>\u2728 <strong>Cuida tu cabello como se merece<\/strong> con el Kit Miracle con Deluxe Prime. \u00bfEl resultado? Cabello incre\u00edblemente saludable, hidratado y con un brillo intenso. \u00a1No te pierdas esta oportunidad de transformar tu rutina de belleza!<\/p>","protected":false},"featured_media":1579,"comment_status":"open","ping_status":"closed","template":"","meta":{"_joinchat":[]},"product_cat":[23,103,78,77,76],"product_tag":[],"class_list":{"0":"post-1578","1":"product","2":"type-product","3":"status-publish","4":"has-post-thumbnail","6":"product_cat-servicios","7":"product_cat-acondicionador","8":"product_cat-acondicionadores","9":"product_cat-champus","10":"product_cat-cuidado-capilar-diario","12":"first","13":"instock","14":"taxable","15":"shipping-taxable","16":"purchasable","17":"product-type-simple"},"_links":{"self":[{"href":"https:\/\/estudiobackhaus.es\/pt-br\/wp-json\/wp\/v2\/product\/1578","targetHints":{"allow":["GET"]}}],"collection":[{"href":"https:\/\/estudiobackhaus.es\/pt-br\/wp-json\/wp\/v2\/product"}],"about":[{"href":"https:\/\/estudiobackhaus.es\/pt-br\/wp-json\/wp\/v2\/types\/product"}],"replies":[{"embeddable":true,"href":"https:\/\/estudiobackhaus.es\/pt-br\/wp-json\/wp\/v2\/comments?post=1578"}],"version-history":[{"count":9,"href":"https:\/\/estudiobackhaus.es\/pt-br\/wp-json\/wp\/v2\/product\/1578\/revisions"}],"predecessor-version":[{"id":1669,"href":"https:\/\/estudiobackhaus.es\/pt-br\/wp-json\/wp\/v2\/product\/1578\/revisions\/1669"}],"wp:featuredmedia":[{"embeddable":true,"href":"https:\/\/estudiobackhaus.es\/pt-br\/wp-json\/wp\/v2\/media\/1579"}],"wp:attachment":[{"href":"https:\/\/estudiobackhaus.es\/pt-br\/wp-json\/wp\/v2\/media?parent=1578"}],"wp:term":[{"taxonomy":"product_cat","embeddable":true,"href":"https:\/\/estudiobackhaus.es\/pt-br\/wp-json\/wp\/v2\/product_cat?post=1578"},{"taxonomy":"product_tag","embeddable":true,"href":"https:\/\/estudiobackhaus.es\/pt-br\/wp-json\/wp\/v2\/product_tag?post=1578"}],"curies":[{"name":"wp","href":"https:\/\/api.w.org\/{rel}","templated":true}]}}