{"id":1212,"date":"2024-11-25T23:14:43","date_gmt":"2024-11-25T22:14:43","guid":{"rendered":"https:\/\/estudiobackhaus.es\/?post_type=product&#038;p=1212"},"modified":"2026-01-13T14:31:27","modified_gmt":"2026-01-13T13:31:27","slug":"condicionador-deluxe-prime-300-ml-truss","status":"publish","type":"product","link":"https:\/\/estudiobackhaus.es\/pt-br\/loja\/condicionador-deluxe-prime-300-ml-truss\/","title":{"rendered":"Condicionador TRUSS Deluxe Prime 300 ml - Reconstru\u00e7\u00e3o e Recupera\u00e7\u00e3o"},"content":{"rendered":"<h3>Hidrata\u00e7\u00e3o e reconstru\u00e7\u00e3o para cabelos quimicamente tratados<\/h3>\n<p data-start=\"78\" data-end=\"471\">O <strong data-start=\"81\" data-end=\"112\">Condicionador Deluxe Prime<\/strong> \u00e9 um tratamento de uso di\u00e1rio de <strong data-start=\"148\" data-end=\"180\">alto desempenho profissional<\/strong>, desenvolvido para <strong data-start=\"200\" data-end=\"292\">Hidratam profundamente, fortalecem a fibra capilar e restauram a maciez e o brilho imediatos.<\/strong> sem deix\u00e1-lo pesado. Sua f\u00f3rmula avan\u00e7ada atua tanto na <strong data-start=\"346\" data-end=\"392\">na superf\u00edcie e no interior do cabelo<\/strong>, equilibrando a hidrata\u00e7\u00e3o, a for\u00e7a e a maleabilidade desde a primeira aplica\u00e7\u00e3o.<\/p>\n<h3 data-start=\"473\" data-end=\"499\">Principais benef\u00edcios<\/h3>\n<ul data-start=\"500\" data-end=\"1127\">\n<li data-start=\"500\" data-end=\"615\">\n<p data-start=\"502\" data-end=\"615\"><strong data-start=\"502\" data-end=\"537\">Hidrata\u00e7\u00e3o profunda e duradoura<\/strong>Restaura a elasticidade natural do cabelo e combate o ressecamento cr\u00f4nico.<\/p>\n<\/li>\n<li data-start=\"616\" data-end=\"744\">\n<p data-start=\"618\" data-end=\"744\"><strong data-start=\"618\" data-end=\"652\">Reparo da fibra capilar<\/strong>ajuda a fortalecer os cabelos enfraquecidos por processos qu\u00edmicos, calor ou desgaste di\u00e1rio.<\/p>\n<\/li>\n<li data-start=\"745\" data-end=\"838\">\n<p data-start=\"747\" data-end=\"838\"><strong data-start=\"747\" data-end=\"778\">Maciez e brilho imediatos<\/strong>deixa o cabelo sedoso, luminoso e com um toque premium.<\/p>\n<\/li>\n<li data-start=\"839\" data-end=\"931\">\n<p data-start=\"841\" data-end=\"931\"><strong data-start=\"841\" data-end=\"866\">Desembara\u00e7o instant\u00e2neo<\/strong>reduz o atrito, facilita o penteado e minimiza a quebra.<\/p>\n<\/li>\n<li data-start=\"932\" data-end=\"1027\">\n<p data-start=\"934\" data-end=\"1027\"><strong data-start=\"934\" data-end=\"964\">Controle de frizz<\/strong>alinha a cut\u00edcula e melhora a apar\u00eancia dos cabelos rebeldes.<\/p>\n<\/li>\n<li data-start=\"1028\" data-end=\"1127\">\n<p data-start=\"1030\" data-end=\"1127\"><strong data-start=\"1030\" data-end=\"1053\">Leve e n\u00e3o aglomerante<\/strong>Ideal at\u00e9 mesmo para cabelos finos quando precisam de nutri\u00e7\u00e3o sem peso.<\/p>\n<\/li>\n<\/ul>\n<h3 data-start=\"1129\" data-end=\"1153\">Qualidade e tecnologia<\/h3>\n<ul data-start=\"1154\" data-end=\"1434\">\n<li data-start=\"1154\" data-end=\"1252\">\n<p data-start=\"1156\" data-end=\"1252\"><strong data-start=\"1156\" data-end=\"1191\">F\u00f3rmula profissional balanceada<\/strong>, projetado para respeitar a estrutura natural do cabelo.<\/p>\n<\/li>\n<li data-start=\"1253\" data-end=\"1355\">\n<p data-start=\"1255\" data-end=\"1355\"><strong data-start=\"1255\" data-end=\"1293\">A\u00e7\u00e3o de condicionamento inteligente<\/strong>Trata as \u00e1reas mais danificadas sem sobrecarregar as mais saud\u00e1veis.<\/p>\n<\/li>\n<li data-start=\"1356\" data-end=\"1434\">\n<p data-start=\"1358\" data-end=\"1434\"><strong data-start=\"1358\" data-end=\"1389\">Textura cremosa e sensorial<\/strong>, com f\u00e1cil distribui\u00e7\u00e3o e r\u00e1pido enx\u00e1gue.<\/p>\n<\/li>\n<\/ul>\n<h3 data-start=\"1436\" data-end=\"1466\">A quem se destina?<\/h3>\n<ul data-start=\"1467\" data-end=\"1708\">\n<li data-start=\"1467\" data-end=\"1528\">\n<p data-start=\"1469\" data-end=\"1528\">Cabelo <strong data-start=\"1478\" data-end=\"1525\">seco, sensibilizado ou sem brilho<\/strong>.<\/p>\n<\/li>\n<li data-start=\"1529\" data-end=\"1607\">\n<p data-start=\"1531\" data-end=\"1607\">Cabelo <strong data-start=\"1540\" data-end=\"1575\">tingidos ou tratados quimicamente<\/strong> que precisam de cuidados di\u00e1rios.<\/p>\n<\/li>\n<li data-start=\"1608\" data-end=\"1708\">\n<p data-start=\"1610\" data-end=\"1708\">Ideal para quem est\u00e1 procurando um <strong data-start=\"1639\" data-end=\"1667\">acabamento da sala de estar em casa<\/strong>, com suavidade real e movimento natural.<\/p>\n<\/li>\n<\/ul>\n<h3 data-start=\"1710\" data-end=\"1725\">Como usar<\/h3>\n<p data-start=\"1726\" data-end=\"1911\">Aplique nos cabelos limpos e \u00famidos, do meio do comprimento at\u00e9 as pontas. Deixe agir <strong data-start=\"1801\" data-end=\"1816\">1-3 minutos<\/strong> e enx\u00e1gue bem. Para obter melhores resultados, use junto com o <a href=\"https:\/\/estudiobackhaus.es\/pt-br\/loja\/kit-deluxe-prim-o-cuidado-completo-para-o-seu-cabelo\/\"><strong data-start=\"1887\" data-end=\"1910\">Xampu Deluxe Prime<\/strong><\/a>.<!--more--><\/p>","protected":false},"excerpt":{"rendered":"<p>Hidrata\u00e7\u00e3o e reconstru\u00e7\u00e3o para cabelos quimicamente tratados O Deluxe Prime Conditioner \u00e9 um tratamento profissional de uso di\u00e1rio de alto desempenho, desenvolvido para hidratar profundamente, fortalecer a fibra capilar e restaurar a maciez e o brilho imediatos sem deix\u00e1-la pesada. Sua f\u00f3rmula avan\u00e7ada age tanto na superf\u00edcie quanto no interior do cabelo, equilibrando a hidrata\u00e7\u00e3o, a for\u00e7a e o brilho.<\/p>","protected":false},"featured_media":1213,"comment_status":"open","ping_status":"closed","template":"","meta":{"_joinchat":[]},"product_cat":[99,43,103,75],"product_tag":[],"class_list":{"0":"post-1212","1":"product","2":"type-product","3":"status-publish","4":"has-post-thumbnail","6":"product_cat-linea-deluxe-prime","7":"product_cat-acondicionador-1","8":"product_cat-acondicionador","9":"product_cat-deluxe-prime","11":"first","12":"instock","13":"taxable","14":"shipping-taxable","15":"purchasable","16":"product-type-simple"},"_links":{"self":[{"href":"https:\/\/estudiobackhaus.es\/pt-br\/wp-json\/wp\/v2\/product\/1212","targetHints":{"allow":["GET"]}}],"collection":[{"href":"https:\/\/estudiobackhaus.es\/pt-br\/wp-json\/wp\/v2\/product"}],"about":[{"href":"https:\/\/estudiobackhaus.es\/pt-br\/wp-json\/wp\/v2\/types\/product"}],"replies":[{"embeddable":true,"href":"https:\/\/estudiobackhaus.es\/pt-br\/wp-json\/wp\/v2\/comments?post=1212"}],"version-history":[{"count":4,"href":"https:\/\/estudiobackhaus.es\/pt-br\/wp-json\/wp\/v2\/product\/1212\/revisions"}],"predecessor-version":[{"id":1672,"href":"https:\/\/estudiobackhaus.es\/pt-br\/wp-json\/wp\/v2\/product\/1212\/revisions\/1672"}],"wp:featuredmedia":[{"embeddable":true,"href":"https:\/\/estudiobackhaus.es\/pt-br\/wp-json\/wp\/v2\/media\/1213"}],"wp:attachment":[{"href":"https:\/\/estudiobackhaus.es\/pt-br\/wp-json\/wp\/v2\/media?parent=1212"}],"wp:term":[{"taxonomy":"product_cat","embeddable":true,"href":"https:\/\/estudiobackhaus.es\/pt-br\/wp-json\/wp\/v2\/product_cat?post=1212"},{"taxonomy":"product_tag","embeddable":true,"href":"https:\/\/estudiobackhaus.es\/pt-br\/wp-json\/wp\/v2\/product_tag?post=1212"}],"curies":[{"name":"wp","href":"https:\/\/api.w.org\/{rel}","templated":true}]}}