{"id":1199,"date":"2024-11-25T21:30:24","date_gmt":"2024-11-25T20:30:24","guid":{"rendered":"https:\/\/estudiobackhaus.es\/?post_type=product&#038;p=1199"},"modified":"2026-01-13T15:59:22","modified_gmt":"2026-01-13T14:59:22","slug":"condicionador-frizz-zero-300-ml-truss","status":"publish","type":"product","link":"https:\/\/estudiobackhaus.es\/pt-br\/loja\/condicionador-frizz-zero-300-ml-truss\/","title":{"rendered":"Condicionador Frizz Zero 300 ml Truss \u2013 Controle do Frizz e Volume"},"content":{"rendered":"<h3>Controla o frizz e melhora a sa\u00fade do seu cabelo desde a primeira aplica\u00e7\u00e3o.<\/h3>\n<p>O <strong>Condicionador Frizz Zero 300 ml da Truss<\/strong> \u00e9 a solu\u00e7\u00e3o perfeita para quem deseja um cabelo mais alinhado, male\u00e1vel e sem frizz. Formulado com uma poderosa mistura de \u00f3leos vegetais ricos em <strong>\u00d4mega 3, 6, 9<\/strong> e vitaminas <strong>A, C e E<\/strong>, Este condicionador proporciona uma hidrata\u00e7\u00e3o profunda, ao mesmo tempo que controla o volume e o frizz.<\/p>\n<p>Os seus benef\u00edcios s\u00e3o vis\u00edveis desde a primeira aplica\u00e7\u00e3o e s\u00e3o potenciados quando combinados com outros produtos da linha. <strong>FRIZZ ZERO<\/strong>. Al\u00e9m de melhorar a sa\u00fade do cabelo, este condicionador protege-o e deixa-o mais forte, brilhante e sedoso.<\/p>\n<p><strong>Principais benef\u00edcios:<\/strong><\/p>\n<ul>\n<li><strong>Controle do frizz:<\/strong> Alinha os fios e elimina o frizz, mesmo em ambientes \u00famidos.<\/li>\n<li><strong>Hidrata\u00e7\u00e3o profunda:<\/strong> Nutre intensamente, deixando o cabelo macio e f\u00e1cil de pentear.<\/li>\n<li><strong>Selo de Cut\u00edculas:<\/strong> Fecha as cut\u00edculas do cabelo, aumentando sua resist\u00eancia e reduzindo a quebra.<\/li>\n<li><strong>Brilho intenso:<\/strong> Melhora a apar\u00eancia do cabelo, conferindo-lhe um brilho natural e saud\u00e1vel.<\/li>\n<li><strong>Prote\u00e7\u00e3o e For\u00e7a:<\/strong> Fortalece as fibras capilares e melhora a cor, mantendo o cabelo protegido contra agress\u00f5es externas.<\/li>\n<\/ul>\n<p><strong>Para quem \u00e9 indicado?<\/strong><br \/>\nO <strong>Condicionador Frizz Zero<\/strong> \u00c9 ideal para pessoas com cabelos volumosos, crespos ou dif\u00edceis de pentear que buscam hidrata\u00e7\u00e3o, alinhamento e controle do frizz. Tamb\u00e9m \u00e9 perfeito para quem deseja melhorar a sa\u00fade do cabelo e mant\u00ea-lo protegido.<\/p>\n<p><strong>Como usar:<\/strong><br \/>\nDepois de lavar o cabelo com o <a href=\"https:\/\/estudiobackhaus.es\/pt-br\/loja\/champo-frizz-zero-300-ml-truss\/\">Shampoo Frizz Zero da Truss<\/a>, aplique o condicionador do meio at\u00e9 as pontas, evitando as ra\u00edzes. Massageie suavemente, deixe agir por 2-3 minutos e enx\u00e1gue com \u00e1gua abundante. Para melhores resultados, use regularmente junto com outros produtos da linha Frizz Zero.<\/p>","protected":false},"excerpt":{"rendered":"<p>Controle o frizz e melhore a sa\u00fade do seu cabelo desde a primeira aplica\u00e7\u00e3o. O Condicionador Frizz Zero 300 ml da Truss \u00e9 a solu\u00e7\u00e3o perfeita para quem deseja um cabelo mais alinhado, male\u00e1vel e sem frizz. Formulado com uma poderosa mistura de \u00f3leos vegetais ricos em \u00f4mega 3, 6, 9 e vitaminas A, C e [\u2026]<\/p>","protected":false},"featured_media":1202,"comment_status":"open","ping_status":"closed","template":"","meta":{"_joinchat":[]},"product_cat":[43,103,84,83,54,98],"product_tag":[],"class_list":{"0":"post-1199","1":"product","2":"type-product","3":"status-publish","4":"has-post-thumbnail","6":"product_cat-acondicionador-1","7":"product_cat-acondicionador","8":"product_cat-antifrizz","9":"product_cat-control-del-frizz-y-volumen","10":"product_cat-frizz-zero","11":"product_cat-linea-frizz-zero","13":"first","14":"instock","15":"taxable","16":"shipping-taxable","17":"purchasable","18":"product-type-simple"},"_links":{"self":[{"href":"https:\/\/estudiobackhaus.es\/pt-br\/wp-json\/wp\/v2\/product\/1199","targetHints":{"allow":["GET"]}}],"collection":[{"href":"https:\/\/estudiobackhaus.es\/pt-br\/wp-json\/wp\/v2\/product"}],"about":[{"href":"https:\/\/estudiobackhaus.es\/pt-br\/wp-json\/wp\/v2\/types\/product"}],"replies":[{"embeddable":true,"href":"https:\/\/estudiobackhaus.es\/pt-br\/wp-json\/wp\/v2\/comments?post=1199"}],"version-history":[{"count":3,"href":"https:\/\/estudiobackhaus.es\/pt-br\/wp-json\/wp\/v2\/product\/1199\/revisions"}],"predecessor-version":[{"id":1511,"href":"https:\/\/estudiobackhaus.es\/pt-br\/wp-json\/wp\/v2\/product\/1199\/revisions\/1511"}],"wp:featuredmedia":[{"embeddable":true,"href":"https:\/\/estudiobackhaus.es\/pt-br\/wp-json\/wp\/v2\/media\/1202"}],"wp:attachment":[{"href":"https:\/\/estudiobackhaus.es\/pt-br\/wp-json\/wp\/v2\/media?parent=1199"}],"wp:term":[{"taxonomy":"product_cat","embeddable":true,"href":"https:\/\/estudiobackhaus.es\/pt-br\/wp-json\/wp\/v2\/product_cat?post=1199"},{"taxonomy":"product_tag","embeddable":true,"href":"https:\/\/estudiobackhaus.es\/pt-br\/wp-json\/wp\/v2\/product_tag?post=1199"}],"curies":[{"name":"wp","href":"https:\/\/api.w.org\/{rel}","templated":true}]}}