{"id":1164,"date":"2024-11-24T22:28:02","date_gmt":"2024-11-24T21:28:02","guid":{"rendered":"https:\/\/estudiobackhaus.es\/?post_type=product&#038;p=1164"},"modified":"2026-01-13T22:51:54","modified_gmt":"2026-01-13T21:51:54","slug":"champo-therapy-300-ml-truss","status":"publish","type":"product","link":"https:\/\/estudiobackhaus.es\/pt-br\/loja\/champo-therapy-300-ml-truss\/","title":{"rendered":"Shampoo Therapy 300 ml Truss \u2013 Controle da caspa e queda de cabelo"},"content":{"rendered":"<h3>Cuide do seu couro cabeludo e estimule o crescimento saud\u00e1vel<\/h3>\n<p>O <strong>Shampoo Therapy 300 ml da Truss<\/strong> foi concebido para tratar disfun\u00e7\u00f5es do couro cabeludo, como caspa e excesso de oleosidade, proporcionando uma limpeza profunda e eficaz. Com a\u00e7\u00e3o antif\u00fangica, este champ\u00f4 n\u00e3o s\u00f3 regula a produ\u00e7\u00e3o de gordura, como tamb\u00e9m ajuda a controlar a queda de cabelo, estimulando a circula\u00e7\u00e3o sangu\u00ednea e promovendo um crescimento mais saud\u00e1vel.<\/p>\n<p><strong>Principais benef\u00edcios:<\/strong><\/p>\n<ul>\n<li><strong>Controle da caspa:<\/strong> Elimina e previne o aparecimento de caspa gra\u00e7as \u00e0 sua a\u00e7\u00e3o antif\u00fangica espec\u00edfica.<\/li>\n<li><strong>Regula\u00e7\u00e3o da oleosidade:<\/strong> Reduz o excesso de oleosidade no couro cabeludo, deixando o cabelo limpo por mais tempo.<\/li>\n<li><strong>Preven\u00e7\u00e3o de quedas:<\/strong> Ajuda a fortalecer as ra\u00edzes do cabelo, controlando a queda capilar de forma eficaz.<\/li>\n<li><strong>Estimula\u00e7\u00e3o do Crescimento:<\/strong> Ativa a circula\u00e7\u00e3o sangu\u00ednea do couro cabeludo, promovendo um crescimento saud\u00e1vel e forte.<\/li>\n<li><strong>Limpeza e Tratamento:<\/strong> A sua f\u00f3rmula especializada limpa profundamente enquanto trata as afe\u00e7\u00f5es do couro cabeludo.<\/li>\n<\/ul>\n<p><strong>Para quem \u00e9 indicado?<\/strong><br \/>\nO Shampoo Therapy \u00e9 especialmente indicado para pessoas que enfrentam problemas de caspa, oleosidade excessiva ou queda de cabelo. Ideal para quem procura um tratamento completo que n\u00e3o s\u00f3 limpa, mas tamb\u00e9m cuida e fortalece o couro cabeludo.<\/p>\n<p><strong>Como usar:<\/strong><br \/>\nAplique o shampoo no cabelo \u00famido e massageie suavemente o couro cabeludo com movimentos circulares. Deixe agir por 2 a 3 minutos para permitir que os ativos atuem de forma eficaz e enx\u00e1gue com \u00e1gua em abund\u00e2ncia. Para melhores resultados, use regularmente e combine com outros produtos da linha.<a href=\"https:\/\/estudiobackhaus.es\/pt-br\/loja\/\"> linha Truss<\/a>.<\/p>\n<p><strong>Elimine a caspa e fortale\u00e7a o seu cabelo!<\/strong><\/p>\n<p>Compre o Shampoo Therapy 300 ml da Truss e desfrute de um couro cabeludo mais saud\u00e1vel e cabelos mais fortes.<\/p>","protected":false},"excerpt":{"rendered":"<p>Cuide do seu couro cabeludo e estimule o crescimento saud\u00e1vel O Shampoo Therapy 300ml da Truss foi desenvolvido para tratar disfun\u00e7\u00f5es do couro cabeludo, como caspa e excesso de oleosidade, proporcionando uma limpeza profunda e eficaz. Com a\u00e7\u00e3o antif\u00fangica, este shampoo n\u00e3o s\u00f3 regula a produ\u00e7\u00e3o de gordura, como tamb\u00e9m ajuda a estimular o crescimento saud\u00e1vel do cabelo.<\/p>","protected":false},"featured_media":1165,"comment_status":"open","ping_status":"closed","template":"","meta":{"_joinchat":[]},"product_cat":[104,36,30],"product_tag":[],"class_list":{"0":"post-1164","1":"product","2":"type-product","3":"status-publish","4":"has-post-thumbnail","6":"product_cat-champu","7":"product_cat-cuidados-diarios","8":"product_cat-productos","10":"first","11":"instock","12":"taxable","13":"shipping-taxable","14":"purchasable","15":"product-type-simple"},"_links":{"self":[{"href":"https:\/\/estudiobackhaus.es\/pt-br\/wp-json\/wp\/v2\/product\/1164","targetHints":{"allow":["GET"]}}],"collection":[{"href":"https:\/\/estudiobackhaus.es\/pt-br\/wp-json\/wp\/v2\/product"}],"about":[{"href":"https:\/\/estudiobackhaus.es\/pt-br\/wp-json\/wp\/v2\/types\/product"}],"replies":[{"embeddable":true,"href":"https:\/\/estudiobackhaus.es\/pt-br\/wp-json\/wp\/v2\/comments?post=1164"}],"version-history":[{"count":2,"href":"https:\/\/estudiobackhaus.es\/pt-br\/wp-json\/wp\/v2\/product\/1164\/revisions"}],"predecessor-version":[{"id":1503,"href":"https:\/\/estudiobackhaus.es\/pt-br\/wp-json\/wp\/v2\/product\/1164\/revisions\/1503"}],"wp:featuredmedia":[{"embeddable":true,"href":"https:\/\/estudiobackhaus.es\/pt-br\/wp-json\/wp\/v2\/media\/1165"}],"wp:attachment":[{"href":"https:\/\/estudiobackhaus.es\/pt-br\/wp-json\/wp\/v2\/media?parent=1164"}],"wp:term":[{"taxonomy":"product_cat","embeddable":true,"href":"https:\/\/estudiobackhaus.es\/pt-br\/wp-json\/wp\/v2\/product_cat?post=1164"},{"taxonomy":"product_tag","embeddable":true,"href":"https:\/\/estudiobackhaus.es\/pt-br\/wp-json\/wp\/v2\/product_tag?post=1164"}],"curies":[{"name":"wp","href":"https:\/\/api.w.org\/{rel}","templated":true}]}}